{"id":19,"date":"2016-09-06T12:32:06","date_gmt":"2016-09-06T12:32:06","guid":{"rendered":"http:\/\/www.kucukcekmece18noluasm.com\/?page_id=19"},"modified":"2025-12-19T08:02:54","modified_gmt":"2025-12-19T08:02:54","slug":"iletisim","status":"publish","type":"page","link":"https:\/\/menemenbelediyesiasarlikasm.com\/index.php\/iletisim\/","title":{"rendered":"\u0130leti\u015fim"},"content":{"rendered":"<p><iframe loading=\"lazy\" style=\"border: 0;\" src=\"https:\/\/www.google.com\/maps\/embed?pb=!1m18!1m12!1m3!1d3118.590686663194!2d27.085520199999998!3d38.5892726!2m3!1f0!2f0!3f0!3m2!1i1024!2i768!4f13.1!3m3!1m2!1s0x14bbd5db1dc0e551%3A0xda8a614d298b4076!2zTWVuZW1lbiBCZWxlZGl5ZXNpIEFzYXJsxLFrIEFpbGUgU2HEn2zEscSfxLEgTWVya2V6aQ!5e0!3m2!1str!2str!4v1737461181207!5m2!1str!2str\" width=\"600\" height=\"450\" allowfullscreen=\"allowfullscreen\"><span data-mce-type=\"bookmark\" style=\"display: inline-block; width: 0px; overflow: hidden; line-height: 0;\" class=\"mce_SELRES_start\">\ufeff<\/span><\/iframe><\/p>\n<p><strong>Adres<\/strong>: G\u00f6lc\u00fck, mehmet akif cad, 35660 Menemen\/\u0130zmir<\/p>\n<p><strong>Tel:<\/strong><\/p>\n<p>Dr. Dilara Y\u0131lmaz-05358882041<br \/>\nDr H\u00fcseyin C\u00fcneyt Kazanc\u0131-05076412467<br \/>\nDr. Nazire D\u00f6nmez-05518608049<br \/>\nDr. Zafer Zavaro\u011flu-05053372253<br \/>\nDr Nuri \u00c7imencio\u011flu-2328410378<br \/>\nDr Selma Sara\u00e7o\u011flu-05455407180<br \/>\nDr. Ali Akda\u011f &#8211; 05074033353<\/p>\n<p><strong>\u0130zmir \u0130l Sa\u011fl\u0131k M\u00fcd\u00fcrl\u00fc\u011f\u00fc<\/strong><br \/>\n<strong>Adres<\/strong>:S\u00fcmer Mahallesi 451. Sk. No:2 Konak\/\u0130zmir<br \/>\n<strong>Telefon<\/strong>: 0 (232) 441 81 11\/0 (232) 489 80 05<\/p>\n<p><strong>Menemen \u0130l\u00e7e Sa\u011fl\u0131k M\u00fcd\u00fcrl\u00fc\u011f\u00fc<\/strong><br \/>\n<strong>Adres<\/strong>: Menemen H\u00fck\u00fcmet Kona\u011f\u0131 Mermerli Mh. \u015eehit Aycan Aksoy Cd. No: 63\u00a0 Menemen\/\u0130zmir<br \/>\n<strong>Telefon<\/strong>: 0 (232) 831 10 97<\/p>\n","protected":false},"excerpt":{"rendered":"<p>\ufeff Adres: G\u00f6lc\u00fck, mehmet akif cad, 35660 Menemen\/\u0130zmir Tel: Dr. Dilara Y\u0131lmaz-05358882041 Dr H\u00fcseyin C\u00fcneyt Kazanc\u0131-05076412467 Dr. Nazire D\u00f6nmez-05518608049 Dr. Zafer Zavaro\u011flu-05053372253 Dr Nuri \u00c7imencio\u011flu-2328410378 Dr Selma Sara\u00e7o\u011flu-05455407180 Dr. Ali Akda\u011f &#8211; 05074033353 \u0130zmir \u0130l Sa\u011fl\u0131k M\u00fcd\u00fcrl\u00fc\u011f\u00fc Adres:S\u00fcmer Mahallesi 451. &hellip;<\/p>\n","protected":false},"author":1,"featured_media":0,"parent":0,"menu_order":0,"comment_status":"closed","ping_status":"closed","template":"template-full.php","meta":{"footnotes":""},"class_list":["post-19","page","type-page","status-publish","hentry"],"_links":{"self":[{"href":"https:\/\/menemenbelediyesiasarlikasm.com\/index.php\/wp-json\/wp\/v2\/pages\/19","targetHints":{"allow":["GET"]}}],"collection":[{"href":"https:\/\/menemenbelediyesiasarlikasm.com\/index.php\/wp-json\/wp\/v2\/pages"}],"about":[{"href":"https:\/\/menemenbelediyesiasarlikasm.com\/index.php\/wp-json\/wp\/v2\/types\/page"}],"author":[{"embeddable":true,"href":"https:\/\/menemenbelediyesiasarlikasm.com\/index.php\/wp-json\/wp\/v2\/users\/1"}],"replies":[{"embeddable":true,"href":"https:\/\/menemenbelediyesiasarlikasm.com\/index.php\/wp-json\/wp\/v2\/comments?post=19"}],"version-history":[{"count":16,"href":"https:\/\/menemenbelediyesiasarlikasm.com\/index.php\/wp-json\/wp\/v2\/pages\/19\/revisions"}],"predecessor-version":[{"id":291,"href":"https:\/\/menemenbelediyesiasarlikasm.com\/index.php\/wp-json\/wp\/v2\/pages\/19\/revisions\/291"}],"wp:attachment":[{"href":"https:\/\/menemenbelediyesiasarlikasm.com\/index.php\/wp-json\/wp\/v2\/media?parent=19"}],"curies":[{"name":"wp","href":"https:\/\/api.w.org\/{rel}","templated":true}]}}