{"id":234,"date":"2025-01-21T11:54:40","date_gmt":"2025-01-21T11:54:40","guid":{"rendered":"http:\/\/menemenbelediyesiasarlikasm.com\/?page_id=234"},"modified":"2025-08-15T07:08:55","modified_gmt":"2025-08-15T07:08:55","slug":"dr-huseyin-cuneyt-kazanci","status":"publish","type":"page","link":"https:\/\/menemenbelediyesiasarlikasm.com\/index.php\/dr-huseyin-cuneyt-kazanci\/","title":{"rendered":"Dr. H\u00fcseyin C\u00fcneyt Kazanc\u0131"},"content":{"rendered":"<p><img loading=\"lazy\" decoding=\"async\" class=\"alignnone size-full wp-image-284\" src=\"https:\/\/menemenbelediyesiasarlikasm.com\/wp-content\/uploads\/2025\/08\/Screenshot-2025-08-15-at-10.08.46.png\" alt=\"\" width=\"1592\" height=\"1122\" srcset=\"https:\/\/menemenbelediyesiasarlikasm.com\/wp-content\/uploads\/2025\/08\/Screenshot-2025-08-15-at-10.08.46.png 1592w, https:\/\/menemenbelediyesiasarlikasm.com\/wp-content\/uploads\/2025\/08\/Screenshot-2025-08-15-at-10.08.46-300x211.png 300w, https:\/\/menemenbelediyesiasarlikasm.com\/wp-content\/uploads\/2025\/08\/Screenshot-2025-08-15-at-10.08.46-1024x722.png 1024w, https:\/\/menemenbelediyesiasarlikasm.com\/wp-content\/uploads\/2025\/08\/Screenshot-2025-08-15-at-10.08.46-768x541.png 768w, https:\/\/menemenbelediyesiasarlikasm.com\/wp-content\/uploads\/2025\/08\/Screenshot-2025-08-15-at-10.08.46-1536x1083.png 1536w\" sizes=\"auto, (max-width: 1592px) 100vw, 1592px\" \/><\/p>\n","protected":false},"excerpt":{"rendered":"","protected":false},"author":1,"featured_media":0,"parent":0,"menu_order":0,"comment_status":"closed","ping_status":"closed","template":"template-full.php","meta":{"footnotes":""},"class_list":["post-234","page","type-page","status-publish","hentry"],"_links":{"self":[{"href":"https:\/\/menemenbelediyesiasarlikasm.com\/index.php\/wp-json\/wp\/v2\/pages\/234","targetHints":{"allow":["GET"]}}],"collection":[{"href":"https:\/\/menemenbelediyesiasarlikasm.com\/index.php\/wp-json\/wp\/v2\/pages"}],"about":[{"href":"https:\/\/menemenbelediyesiasarlikasm.com\/index.php\/wp-json\/wp\/v2\/types\/page"}],"author":[{"embeddable":true,"href":"https:\/\/menemenbelediyesiasarlikasm.com\/index.php\/wp-json\/wp\/v2\/users\/1"}],"replies":[{"embeddable":true,"href":"https:\/\/menemenbelediyesiasarlikasm.com\/index.php\/wp-json\/wp\/v2\/comments?post=234"}],"version-history":[{"count":2,"href":"https:\/\/menemenbelediyesiasarlikasm.com\/index.php\/wp-json\/wp\/v2\/pages\/234\/revisions"}],"predecessor-version":[{"id":285,"href":"https:\/\/menemenbelediyesiasarlikasm.com\/index.php\/wp-json\/wp\/v2\/pages\/234\/revisions\/285"}],"wp:attachment":[{"href":"https:\/\/menemenbelediyesiasarlikasm.com\/index.php\/wp-json\/wp\/v2\/media?parent=234"}],"curies":[{"name":"wp","href":"https:\/\/api.w.org\/{rel}","templated":true}]}}